

{"id":2,"date":"2013-12-11T10:51:57","date_gmt":"2013-12-11T15:51:57","guid":{"rendered":"https:\/\/www.wilhelmy.ca\/fr\/?page_id=2"},"modified":"2022-04-09T14:32:02","modified_gmt":"2022-04-09T19:32:02","slug":"preambule","status":"publish","type":"page","link":"https:\/\/www.wilhelmy.ca\/fr\/","title":{"rendered":"Pr\u00e9ambule"},"content":{"rendered":"<p>29.11.2018<\/p>\n<p>Bienvenue,<br \/>\nLa section \u00abNouvelles &#8211; Journal en bref\u00bb ici bas contient d\u00e9sormais une nouvelle section sur laquelle les derniers articles concernant ma fabrication en cours s&rsquo;y retrouvent.<br \/>\nL&rsquo;album est aussi accessible via la rubrique \u00abBoutique\u00bb.<br \/>\nJ&rsquo;ai proc\u00e9d\u00e9 aussi \u00e0 quelques petits changements dans les menus.<\/p>\n<p>Merci de votre visite!<\/p>\n<p>Ren\u00e9 Wilhelmy<br \/>\nMontr\u00e9al, Qc, Canada<\/p>\n","protected":false},"excerpt":{"rendered":"<p>29.11.2018 Bienvenue, La section \u00abNouvelles &#8211; Journal en bref\u00bb ici bas contient d\u00e9sormais une nouvelle section sur laquelle les derniers articles concernant ma fabrication en cours s&rsquo;y retrouvent. L&rsquo;album est aussi accessible via la rubrique \u00abBoutique\u00bb. J&rsquo;ai proc\u00e9d\u00e9 aussi \u00e0 quelques petits changements dans les menus. Merci de votre visite! Ren\u00e9 Wilhelmy Montr\u00e9al, Qc, Canada<\/p>\n","protected":false},"author":2,"featured_media":0,"parent":0,"menu_order":0,"comment_status":"closed","ping_status":"closed","template":"page-full.php","meta":{"footnotes":""},"class_list":["post-2","page","type-page","status-publish","hentry"],"_links":{"self":[{"href":"https:\/\/www.wilhelmy.ca\/fr\/wp-json\/wp\/v2\/pages\/2","targetHints":{"allow":["GET"]}}],"collection":[{"href":"https:\/\/www.wilhelmy.ca\/fr\/wp-json\/wp\/v2\/pages"}],"about":[{"href":"https:\/\/www.wilhelmy.ca\/fr\/wp-json\/wp\/v2\/types\/page"}],"author":[{"embeddable":true,"href":"https:\/\/www.wilhelmy.ca\/fr\/wp-json\/wp\/v2\/users\/2"}],"replies":[{"embeddable":true,"href":"https:\/\/www.wilhelmy.ca\/fr\/wp-json\/wp\/v2\/comments?post=2"}],"version-history":[{"count":3,"href":"https:\/\/www.wilhelmy.ca\/fr\/wp-json\/wp\/v2\/pages\/2\/revisions"}],"predecessor-version":[{"id":9137,"href":"https:\/\/www.wilhelmy.ca\/fr\/wp-json\/wp\/v2\/pages\/2\/revisions\/9137"}],"wp:attachment":[{"href":"https:\/\/www.wilhelmy.ca\/fr\/wp-json\/wp\/v2\/media?parent=2"}],"curies":[{"name":"wp","href":"https:\/\/api.w.org\/{rel}","templated":true}]}}