

{"id":1915,"date":"2013-11-25T15:35:21","date_gmt":"2013-11-25T20:35:21","guid":{"rendered":"https:\/\/www.wilhelmy.ca\/fr\/?page_id=1915"},"modified":"2022-04-11T20:00:50","modified_gmt":"2022-04-12T01:00:50","slug":"les-mecaniques","status":"publish","type":"page","link":"https:\/\/www.wilhelmy.ca\/fr\/instruments\/material-access\/les-mecaniques\/","title":{"rendered":"Les m\u00e9caniques"},"content":{"rendered":"<p>Je privil\u00e9gie l&rsquo;utilisation de m\u00e9caniques utilisant des roulements (rollers, bearings) sur l&rsquo;extr\u00e9mit\u00e9 du\u00a0cylindre (post).<br \/>\nLe prix de base du mod\u00e8le\u00a0<em>Morency<\/em> inclue un des mod\u00e8les fabriqu\u00e9s par Gotoh, et qui utilise aussi\u00a0des cylindres en aluminium.<br \/>\nEn option, je propose celles de <a title=\"Nicol\u00f2 Alessi\" href=\"http:\/\/www.alessituningmachines.it\/index.html\" target=\"_blank\" rel=\"noopener\">Nicol\u00f2 Alessi<\/a>,\u00a0 dont\u00a0j&rsquo;aime beaucoup le travail, \u00a0et vous invite \u00e0 visiter son site pour d\u00e9couvrir ses diff\u00e9rents mod\u00e8les.<br \/>\nIl y aussi celle de Waverly (Sloane), Pagos, Rodgers, et d&rsquo;autres.<br \/>\nIl faut garder \u00e0 l&rsquo;esprit que certains mod\u00e8les peuvent n\u00e9cessiter des modifications au niveau du design de la t\u00eate d&rsquo;une guitare neuve pour obtenir\u00a0le maximum de compatibilit\u00e9, il\u00a0est donc pr\u00e9f\u00e9rable de d\u00e9terminer leur choix le plus t\u00f4t possible lors de la\u00a0commande d&rsquo;une guitare.<br \/>\nDans tous les cas,\u00a0il me fera plaisir d&rsquo;effectuer leurs achats et l&rsquo;installation \u00e0 un prix comp\u00e9titif.<\/p>\n<p><img class=\"alignnone wp-image-1920\" data-src=\"https:\/\/www.wilhelmy.ca\/fr\/wp-content\/uploads\/2013\/11\/alessi_hauser7.jpg\" alt=\"Hauser 7 de Nicol\u00f2 Alessi\" width=\"1200\" height=\"895\" srcset=\"https:\/\/www.wilhelmy.ca\/fr\/wp-content\/uploads\/2013\/11\/alessi_hauser7.jpg 1200w, https:\/\/www.wilhelmy.ca\/fr\/wp-content\/uploads\/2013\/11\/alessi_hauser7-750x559.jpg 750w, https:\/\/www.wilhelmy.ca\/fr\/wp-content\/uploads\/2013\/11\/alessi_hauser7-768x573.jpg 768w\" sizes=\"(max-width: 1200px) 100vw, 1200px\" \/><br \/>\nHauser 7 de Nicol\u00f2 Alessi<\/p>\n<p>&nbsp;<\/p>\n","protected":false},"excerpt":{"rendered":"<p>Je privil\u00e9gie l&rsquo;utilisation de m\u00e9caniques utilisant des roulements (rollers, bearings) sur l&rsquo;extr\u00e9mit\u00e9 du\u00a0cylindre (post). Le prix de base du mod\u00e8le\u00a0Morency inclue un des mod\u00e8les fabriqu\u00e9s par Gotoh, et qui utilise aussi\u00a0des cylindres en aluminium. En option, je propose celles de Nicol\u00f2 Alessi,\u00a0 dont\u00a0j&rsquo;aime beaucoup le travail, \u00a0et vous invite \u00e0 visiter son site pour d\u00e9couvrir <\/p>\n","protected":false},"author":2,"featured_media":1917,"parent":1814,"menu_order":5,"comment_status":"closed","ping_status":"closed","template":"page-deuxcol.php","meta":{"footnotes":""},"class_list":["post-1915","page","type-page","status-publish","has-post-thumbnail","hentry"],"_links":{"self":[{"href":"https:\/\/www.wilhelmy.ca\/fr\/wp-json\/wp\/v2\/pages\/1915","targetHints":{"allow":["GET"]}}],"collection":[{"href":"https:\/\/www.wilhelmy.ca\/fr\/wp-json\/wp\/v2\/pages"}],"about":[{"href":"https:\/\/www.wilhelmy.ca\/fr\/wp-json\/wp\/v2\/types\/page"}],"author":[{"embeddable":true,"href":"https:\/\/www.wilhelmy.ca\/fr\/wp-json\/wp\/v2\/users\/2"}],"replies":[{"embeddable":true,"href":"https:\/\/www.wilhelmy.ca\/fr\/wp-json\/wp\/v2\/comments?post=1915"}],"version-history":[{"count":3,"href":"https:\/\/www.wilhelmy.ca\/fr\/wp-json\/wp\/v2\/pages\/1915\/revisions"}],"predecessor-version":[{"id":9141,"href":"https:\/\/www.wilhelmy.ca\/fr\/wp-json\/wp\/v2\/pages\/1915\/revisions\/9141"}],"up":[{"embeddable":true,"href":"https:\/\/www.wilhelmy.ca\/fr\/wp-json\/wp\/v2\/pages\/1814"}],"wp:featuredmedia":[{"embeddable":true,"href":"https:\/\/www.wilhelmy.ca\/fr\/wp-json\/wp\/v2\/media\/1917"}],"wp:attachment":[{"href":"https:\/\/www.wilhelmy.ca\/fr\/wp-json\/wp\/v2\/media?parent=1915"}],"curies":[{"name":"wp","href":"https:\/\/api.w.org\/{rel}","templated":true}]}}