

{"id":1456,"date":"2013-10-02T15:19:41","date_gmt":"2013-10-02T19:19:41","guid":{"rendered":"https:\/\/www.wilhelmy.ca\/fr\/?page_id=1456"},"modified":"2016-11-26T11:57:09","modified_gmt":"2016-11-26T16:57:09","slug":"guitare-classique-modele-morency","status":"publish","type":"page","link":"https:\/\/www.wilhelmy.ca\/fr\/instruments\/guitare-classique-modele-morency\/","title":{"rendered":"Guitare classique mod\u00e8le \u00abMorency\u00bb"},"content":{"rendered":"<p>Le mod\u00e8le \u00abMorency\u00bb est pour l&rsquo;heure le seul mod\u00e8le offert et repr\u00e9sente le fruit de toutes mes ann\u00e9es de mise en \u0153uvre en lutherie, soit depuis 1978.<br \/>\nLa facture est principalement traditionnel\u00a0et\u00a0les influences qui ont marqu\u00e9 son parcours proviennent\u00a0notamment\u00a0des Bouchet, Fleta, Friederich, Ramirez III, et Torr\u00e8s bien entendu.<br \/>\nElle comporte une table d&rsquo;harmonie pleine, un barrage personnel d\u00e9riv\u00e9 de l&rsquo;\u00e9ventail, et utilisant majoritairement le bois et le carbone avec parcimonie.<br \/>\nLe fond est mince\u00a0et barr\u00e9, les \u00e9clisses sont lamin\u00e9es en 2 pi\u00e8ces, et le\u00a0manche lui aussi lamin\u00e9 et attach\u00e9 au corps\u00a0via un talon espagnol.<br \/>\nLa touche est sans \u00e9l\u00e9vation et est profil\u00e9e avec un l\u00e9ger radius transversale, et auquel s&rsquo;ajoute des reliefs\u00a0longitudinales.<br \/>\nLa surface de\u00a0la table\/fond\u00a0est d&rsquo;une dimension moderne, l\u00e9g\u00e8rement plus grande qu&rsquo;une Ramirez par example, et la profondeur de la caisse reste dans des proportions similaires \u00e0 cette derni\u00e8re.<br \/>\n<a href=\"https:\/\/www.wilhelmy.ca\/fr\/wp-content\/uploads\/2013\/12\/rwl-2013-morency-back-b_w-800x1200.jpg\" rel=\"lightbox[1456]\"><img class=\"alignnone wp-image-1284 rw-img-fullwidth\" data-src=\"https:\/\/www.wilhelmy.ca\/fr\/wp-content\/uploads\/2013\/09\/rwl-2013-morency-b_w.jpg\" alt=\"Mod\u00e8le Morency 2013 - \u00c9pinette allemande &amp; palissandre Hondurien\" width=\"720\" height=\"1080\" srcset=\"https:\/\/www.wilhelmy.ca\/fr\/wp-content\/uploads\/2013\/09\/rwl-2013-morency-b_w.jpg 1200w, https:\/\/www.wilhelmy.ca\/fr\/wp-content\/uploads\/2013\/09\/rwl-2013-morency-b_w-500x750.jpg 500w, https:\/\/www.wilhelmy.ca\/fr\/wp-content\/uploads\/2013\/09\/rwl-2013-morency-b_w-800x1200.jpg 800w, https:\/\/www.wilhelmy.ca\/fr\/wp-content\/uploads\/2013\/09\/rwl-2013-morency-b_w-768x1152.jpg 768w, https:\/\/www.wilhelmy.ca\/fr\/wp-content\/uploads\/2013\/09\/rwl-2013-morency-b_w-1024x1536.jpg 1024w\" sizes=\"(max-width: 720px) 100vw, 720px\" \/><\/a><\/p>\n<p>Autres d\u00e9tails de base:<br \/>\n&#8211; Table d&rsquo;harmonie en c\u00e8dre Canadien ou en \u00e9pinette Allemande.<br \/>\n-Fond &amp; \u00e9clisses en palissandre Hondurien<br \/>\n-Manche lamin\u00e9 en cedro<br \/>\n-Touche en \u00e9b\u00e8ne<br \/>\n-La largueur du manche:\u00a052mm\u00a0au sillet de t\u00eate, 62 mm \u00e0 la 12i\u00e8me frette<br \/>\n-Espacement au chevalet (entre 1i\u00e8re et 6ieme): 57mm<br \/>\n-Diapason de base de 650 mm<br \/>\n-M\u00e9caniques GOTOH ( En option: Sloane, Alessi, etc)<br \/>\n-Vernis au tampon<br \/>\n-\u00c9tui Boblen ou Gator (En option: Hoffee, Karura, etc)<\/p>\n<p>Bien entendu, certains\u00a0d\u00e9tails et options peuvent \u00eatre discut\u00e9s sur demande.<br \/>\nPour en savoir davantage sur les mat\u00e9riaux utilis\u00e9s et d&rsquo;autres aspects de mon travail, je vous invite \u00e0 consultez\u00a0les sections \u00abLes mat\u00e9riaux &amp; accessoires\u00bb et \u00ab\u00c0 propos&#8230;de ma lutherie\u00bb.<\/p>\n","protected":false},"excerpt":{"rendered":"<p>Le mod\u00e8le \u00abMorency\u00bb est pour l&rsquo;heure le seul mod\u00e8le offert et repr\u00e9sente le fruit de toutes mes ann\u00e9es de mise en \u0153uvre en lutherie, soit depuis 1978. La facture est principalement traditionnel\u00a0et\u00a0les influences qui ont marqu\u00e9 son parcours proviennent\u00a0notamment\u00a0des Bouchet, Fleta, Friederich, Ramirez III, et Torr\u00e8s bien entendu. Elle comporte une table d&rsquo;harmonie pleine, un <\/p>\n","protected":false},"author":2,"featured_media":0,"parent":1095,"menu_order":1,"comment_status":"closed","ping_status":"closed","template":"page-unecol.php","meta":{"footnotes":""},"class_list":["post-1456","page","type-page","status-publish","hentry"],"_links":{"self":[{"href":"https:\/\/www.wilhelmy.ca\/fr\/wp-json\/wp\/v2\/pages\/1456","targetHints":{"allow":["GET"]}}],"collection":[{"href":"https:\/\/www.wilhelmy.ca\/fr\/wp-json\/wp\/v2\/pages"}],"about":[{"href":"https:\/\/www.wilhelmy.ca\/fr\/wp-json\/wp\/v2\/types\/page"}],"author":[{"embeddable":true,"href":"https:\/\/www.wilhelmy.ca\/fr\/wp-json\/wp\/v2\/users\/2"}],"replies":[{"embeddable":true,"href":"https:\/\/www.wilhelmy.ca\/fr\/wp-json\/wp\/v2\/comments?post=1456"}],"version-history":[{"count":4,"href":"https:\/\/www.wilhelmy.ca\/fr\/wp-json\/wp\/v2\/pages\/1456\/revisions"}],"predecessor-version":[{"id":4010,"href":"https:\/\/www.wilhelmy.ca\/fr\/wp-json\/wp\/v2\/pages\/1456\/revisions\/4010"}],"up":[{"embeddable":true,"href":"https:\/\/www.wilhelmy.ca\/fr\/wp-json\/wp\/v2\/pages\/1095"}],"wp:attachment":[{"href":"https:\/\/www.wilhelmy.ca\/fr\/wp-json\/wp\/v2\/media?parent=1456"}],"curies":[{"name":"wp","href":"https:\/\/api.w.org\/{rel}","templated":true}]}}