

{"id":1385,"date":"2013-09-26T14:58:28","date_gmt":"2013-09-26T18:58:28","guid":{"rendered":"https:\/\/www.wilhelmy.ca\/fr\/?page_id=1385"},"modified":"2019-10-26T10:38:10","modified_gmt":"2019-10-26T15:38:10","slug":"du-luthier","status":"publish","type":"page","link":"https:\/\/www.wilhelmy.ca\/fr\/apropos\/du-luthier\/","title":{"rendered":"\u00c0 propos du luthier"},"content":{"rendered":"<blockquote><p>La lutherie f\u00fbt une rencontre aussi soudaine qu&rsquo;impr\u00e9vue, une de celle qui en peu de temps\u00a0transforme le cours de votre existence &#8230;<\/p><\/blockquote>\n<p>Luthier autodidacte depuis plus de 40 ans, je\u00a0compte \u00e0 mon actif la fabrication de plus de 200 instruments, principalement des guitares classiques.<br \/>\nJ&rsquo;ai aussi r\u00e9alis\u00e9 d&rsquo;innombrables ajustements, r\u00e9parations, modifications et restaurations, ainsi que\u00a0plusieurs accessoires.<br \/>\nMes instruments se retrouvent principalement\u00a0dans les pays tels le\u00a0Canada, l&rsquo;Autriche, la Chine, la France, l&rsquo;Italie, la Tunisie et les \u00c9tats-Unis.<br \/>\nTout ceci est sans compter les rencontres formidables avec les guitaristes, musiciens et m\u00e9lomanes\u00a0d&rsquo;ici et d&rsquo;ailleurs.<\/p>\n<p>Depuis quelques ann\u00e9es, je partage mon travail de luthier \u00e0 celui d&rsquo;enseignant \u00e0 certains cours techniques dans le cadre du programme de l&rsquo;\u00e9cole de <a href=\"https:\/\/bruand.com\/\" target=\"_blank\" rel=\"noopener noreferrer\">Lutherie-Guitare Bruand<\/a>, une formation offerte en association avec le C\u00e9gep du Vieux Montr\u00e9al.<\/p>\n<p><a href=\"https:\/\/www.wilhelmy.ca\/fr\/wp-content\/uploads\/2013\/09\/2013_aportrait_rwilhelmy_air-de-famille.jpg\" rel=\"lightbox[1385]\"><img class=\"alignnone size-full wp-image-2143\" data-src=\"https:\/\/www.wilhelmy.ca\/fr\/wp-content\/uploads\/2013\/09\/2013_aportrait_rwilhelmy_air-de-famille.jpg\" alt=\"2013-Pastiche!\" width=\"1000\" height=\"667\" srcset=\"https:\/\/www.wilhelmy.ca\/fr\/wp-content\/uploads\/2013\/09\/2013_aportrait_rwilhelmy_air-de-famille.jpg 1000w, https:\/\/www.wilhelmy.ca\/fr\/wp-content\/uploads\/2013\/09\/2013_aportrait_rwilhelmy_air-de-famille-750x500.jpg 750w, https:\/\/www.wilhelmy.ca\/fr\/wp-content\/uploads\/2013\/09\/2013_aportrait_rwilhelmy_air-de-famille-360x240.jpg 360w, https:\/\/www.wilhelmy.ca\/fr\/wp-content\/uploads\/2013\/09\/2013_aportrait_rwilhelmy_air-de-famille-768x512.jpg 768w\" sizes=\"(max-width: 1000px) 100vw, 1000px\" \/><\/a><br \/>\n<em>2013 &#8211; Pastiche<\/em><\/p>\n","protected":false},"excerpt":{"rendered":"<p>La lutherie f\u00fbt une rencontre aussi soudaine qu&rsquo;impr\u00e9vue, une de celle qui en peu de temps\u00a0transforme le cours de votre existence &#8230; Luthier autodidacte depuis plus de 40 ans, je\u00a0compte \u00e0 mon actif la fabrication de plus de 200 instruments, principalement des guitares classiques. J&rsquo;ai aussi r\u00e9alis\u00e9 d&rsquo;innombrables ajustements, r\u00e9parations, modifications et restaurations, ainsi que\u00a0plusieurs <\/p>\n","protected":false},"author":2,"featured_media":0,"parent":1117,"menu_order":1,"comment_status":"closed","ping_status":"closed","template":"page-deuxcol.php","meta":{"footnotes":""},"class_list":["post-1385","page","type-page","status-publish","hentry"],"_links":{"self":[{"href":"https:\/\/www.wilhelmy.ca\/fr\/wp-json\/wp\/v2\/pages\/1385","targetHints":{"allow":["GET"]}}],"collection":[{"href":"https:\/\/www.wilhelmy.ca\/fr\/wp-json\/wp\/v2\/pages"}],"about":[{"href":"https:\/\/www.wilhelmy.ca\/fr\/wp-json\/wp\/v2\/types\/page"}],"author":[{"embeddable":true,"href":"https:\/\/www.wilhelmy.ca\/fr\/wp-json\/wp\/v2\/users\/2"}],"replies":[{"embeddable":true,"href":"https:\/\/www.wilhelmy.ca\/fr\/wp-json\/wp\/v2\/comments?post=1385"}],"version-history":[{"count":3,"href":"https:\/\/www.wilhelmy.ca\/fr\/wp-json\/wp\/v2\/pages\/1385\/revisions"}],"predecessor-version":[{"id":7812,"href":"https:\/\/www.wilhelmy.ca\/fr\/wp-json\/wp\/v2\/pages\/1385\/revisions\/7812"}],"up":[{"embeddable":true,"href":"https:\/\/www.wilhelmy.ca\/fr\/wp-json\/wp\/v2\/pages\/1117"}],"wp:attachment":[{"href":"https:\/\/www.wilhelmy.ca\/fr\/wp-json\/wp\/v2\/media?parent=1385"}],"curies":[{"name":"wp","href":"https:\/\/api.w.org\/{rel}","templated":true}]}}